{"id":31,"date":"2025-03-24T16:29:31","date_gmt":"2025-03-24T15:29:31","guid":{"rendered":"https:\/\/eurotherm.eu\/?page_id=31"},"modified":"2025-07-18T16:08:39","modified_gmt":"2025-07-18T14:08:39","slug":"panoramica-prodotti","status":"publish","type":"page","link":"https:\/\/eurotherm.eu\/it\/panoramica-prodotti\/","title":{"rendered":"Overview Prodotti"},"content":{"rendered":"<section  class=\"eth-half-canvas\">\n    <div class=\"eth-normal-canvinner\">\n        <div class=\"respimg-cont eth-normal-canvimg\">\n            <img\n                src=\"https:\/\/eurotherm.eu\/wp-content\/uploads\/2025\/04\/Eurotherm-overview-prodotti-scaled.jpg\"\n                alt=\"Overview Prodotti\"\n                class=\"nolazy\"\n                decoding=\"sync\" \n                srcset=\"\n                    https:\/\/eurotherm.eu\/wp-content\/uploads\/2025\/04\/Eurotherm-overview-prodotti-scaled.jpg 2000w,\n                    https:\/\/eurotherm.eu\/wp-content\/uploads\/2025\/04\/Eurotherm-overview-prodotti-1500x399.jpg 1500w,\n                    https:\/\/eurotherm.eu\/wp-content\/uploads\/2025\/04\/Eurotherm-overview-prodotti-scaled.jpg 1200w,\n                    https:\/\/eurotherm.eu\/wp-content\/uploads\/2025\/04\/Eurotherm-overview-prodotti-scaled.jpg 800w,\n                    https:\/\/eurotherm.eu\/wp-content\/uploads\/2025\/04\/Eurotherm-overview-prodotti-414x277.jpg 400w\"\n                sizes=\"100vw\"\n            \/>\n        <\/div>\n        <div class=\"container-fluid\">\n            <nav class=\"breadcrumbs\"><a href=\"https:\/\/eurotherm.eu\/it\/\">Homepage<\/a> \/ <\/nav>            <div class=\"row align-items-center\">\n                <div class=\"col-lg-5\">\n                    <h1 class=\"text-white main-hp-title\">\n                        Overview Prodotti                    <\/h1>\n                <\/div>\n                                <div class=\"col-lg-4 offset-lg-1\">\n                    <div class=\"text-white\">\n                    <p>I prodotti Eurotherm si distinguono per qualit\u00e0 costruttiva, affidabilit\u00e0 e capacit\u00e0 di rispondere alle esigenze specifiche di ogni settore industriale. Le cabine e gli impianti di verniciatura sono costruiti interamente su misura per adattarsi allo spazio, ottimizzare la produttivit\u00e0 e il risparmio energetico, garantendo l\u2019eccellenza del risultato finale.<\/p>\n                    <\/div>\n                    \n                <\/div>\n                            <\/div>\n        <\/div>\n    <\/div>\n<\/section>\n","protected":false},"excerpt":{"rendered":"","protected":false},"author":1,"featured_media":0,"parent":0,"menu_order":0,"comment_status":"closed","ping_status":"closed","template":"prodotti-listing.php","meta":{"_acf_changed":false,"footnotes":""},"class_list":["post-31","page","type-page","status-publish","hentry"],"acf":[],"_links":{"self":[{"href":"https:\/\/eurotherm.eu\/it\/wp-json\/wp\/v2\/pages\/31","targetHints":{"allow":["GET"]}}],"collection":[{"href":"https:\/\/eurotherm.eu\/it\/wp-json\/wp\/v2\/pages"}],"about":[{"href":"https:\/\/eurotherm.eu\/it\/wp-json\/wp\/v2\/types\/page"}],"author":[{"embeddable":true,"href":"https:\/\/eurotherm.eu\/it\/wp-json\/wp\/v2\/users\/1"}],"replies":[{"embeddable":true,"href":"https:\/\/eurotherm.eu\/it\/wp-json\/wp\/v2\/comments?post=31"}],"version-history":[{"count":6,"href":"https:\/\/eurotherm.eu\/it\/wp-json\/wp\/v2\/pages\/31\/revisions"}],"predecessor-version":[{"id":53231,"href":"https:\/\/eurotherm.eu\/it\/wp-json\/wp\/v2\/pages\/31\/revisions\/53231"}],"wp:attachment":[{"href":"https:\/\/eurotherm.eu\/it\/wp-json\/wp\/v2\/media?parent=31"}],"curies":[{"name":"wp","href":"https:\/\/api.w.org\/{rel}","templated":true}]}}