{"id":50830,"date":"2025-03-24T15:01:13","date_gmt":"2025-03-24T14:01:13","guid":{"rendered":"https:\/\/eurotherm.eu\/umgestaltung\/"},"modified":"2025-07-23T12:53:21","modified_gmt":"2025-07-23T10:53:21","slug":"umgestaltung","status":"publish","type":"page","link":"https:\/\/eurotherm.eu\/de\/umgestaltung\/","title":{"rendered":"Modernisierung"},"content":{"rendered":"<section  class=\"eth-normal-canvas canvas-no-pageindex\">\n    <!-- <pre style=\"display: none;\"><\/pre> -->\n    <div class=\"eth-normal-canvinner\">\n        <div class=\"respimg-cont eth-normal-canvimg\">\n            <img width=\"2560\" height=\"1181\" src=\"https:\/\/eurotherm.eu\/wp-content\/uploads\/2025\/05\/Eurotherm-revamping-scaled.jpg\" class=\"nolazy\" alt=\"Revamping Eurotherm\" fetchpriority=\"high\" decoding=\"sync\" srcset=\"https:\/\/eurotherm.eu\/wp-content\/uploads\/2025\/05\/Eurotherm-revamping-scaled.jpg 2000w, https:\/\/eurotherm.eu\/wp-content\/uploads\/2025\/05\/Eurotherm-revamping-1500x692.jpg 1500w,https:\/\/eurotherm.eu\/wp-content\/uploads\/2025\/05\/Eurotherm-revamping-scaled.jpg 1200w,https:\/\/eurotherm.eu\/wp-content\/uploads\/2025\/05\/Eurotherm-revamping-scaled.jpg 800w,https:\/\/eurotherm.eu\/wp-content\/uploads\/2025\/05\/Eurotherm-revamping-300x138.jpg 400w\" sizes=\"100vw\" title=\"Eurotherm\">            <!-- <img\n                fetchpriority=\"high\"\n                src=\"https:\/\/eurotherm.eu\/wp-content\/uploads\/2025\/05\/Eurotherm-revamping-scaled.jpg\"\n                alt=\"Modernisierung\"\n                class=\"nolazy\"\n                decoding=\"sync\"\n                srcset=\"https:\/\/eurotherm.eu\/wp-content\/uploads\/2025\/05\/Eurotherm-revamping-scaled.jpg 2000w, https:\/\/eurotherm.eu\/wp-content\/uploads\/2025\/05\/Eurotherm-revamping-1500x692.jpg 1500w, https:\/\/eurotherm.eu\/wp-content\/uploads\/2025\/05\/Eurotherm-revamping-scaled.jpg 1200w, https:\/\/eurotherm.eu\/wp-content\/uploads\/2025\/05\/Eurotherm-revamping-scaled.jpg 800w, https:\/\/eurotherm.eu\/wp-content\/uploads\/2025\/05\/Eurotherm-revamping-414x277.jpg 400w\" sizes=\"100vw\"\/> -->\n        <\/div>\n        <div class=\"container-fluid\">\n            <nav class=\"breadcrumbs\"><a href=\"https:\/\/eurotherm.eu\/de\/\">Homepage<\/a> \/ <\/nav>            <div class=\"row align-items-start\">\n                <div class=\"col-lg-7\">\n                    <h1 class=\"text-white main-hp-title xl\">\n                        Modernisierung                    <\/h1>\n                <\/div>\n            <\/div>\n        <\/div>\n    <\/div>\n\n    <\/section>\n<section  class=\" margin-small  \">\n    <div class=\"container-fluid\">\n        <section class=\"content-block overflow-hidden\" style=\"--color-animate-to: #181e25;\">\n            <div class=\"container-fluid\">\n                <div class=\"row\">\n                    <!-- left sidebar intro -->\n                                        <div class=\"col-lg-6\">\n                        <!-- contenuto testuale -->\n                                                    <div class=\"h1 colorating-text text-gray\">\n                                <p>Revamping ist eine Renovierung einer bestehenden Anlage, bei der L\u00f6sungen und Technologien zur Modernisierung von Teilen, zur Energieeinsparung und zur Prozessergonomie in \u00dcbereinstimmung mit den Standards der <a href=\"https:\/\/research-and-innovation.ec.europa.eu\/research-area\/industrial-research-and-innovation\/industry-50_en\" target=\"_blank\" rel=\"noopener\">Industrie 5.0<\/a> implementiert werden.<\/p>\n                            <\/div>\n                        \n                        <!-- immagine -->\n                                            <\/div>\n                    <!-- right sidebar intro -->\n                    <div class=\"col-lg-4 offset-lg-2\">\n                        <!-- paragrafo aggiuntivo -->\n                                                    <div class=\"complex-content mt-4 mt-lg-0\"><p>Die wichtigste Phase der Umr\u00fcstung ist die Konzeption des Eingriffs, auf die die Studie und das Prototyping des f\u00fcr den Zweck geeigneten Produkts folgen. Alles wird individuell f\u00fcr den jeweiligen Kunden entwickelt, um die Anforderungen der Produktionsanlage zu erf\u00fcllen, Produktionsausf\u00e4lle zu begrenzen und den Einsatz von Technologien mit geringeren Auswirkungen auf die Umwelt und die Gesundheit der Arbeitnehmer zu erm\u00f6glichen. <\/p>\n<\/div>\n                                                <!-- links da repeater -->\n                                            <\/div>\n                <\/div>\n            <\/div>\n        <\/section>\n    <\/div>\n<\/section>\n<style>\n  \/* FIX: selettore corretto senza spazio extra *\/\n  .bordered-title.block-block_5c4653188fc4a5761b224ce14121f936::before {\n    background-color: #ffffff;\n  }\n<\/style>\n\n<section   class=\"section-wrapper wrapper padding-small\"\n  style=\"background-color: #181e25; --text-color: #ffffff;\">\n\n  <div class=\"container-fluid\">\n    <div class=\"row\">\n      <div class=\"col-lg-4\">\n                  <h2 style=\"color:var(--text-color);\" class=\"mb-5 bordered-title block-block_5c4653188fc4a5761b224ce14121f936\">\n            <span style=\"color: #f22821;\">Fokus<\/span>\n          <\/h2>\n              <\/div>\n\n          <\/div>\n  <\/div>\n\n      <!-- layout standard -->\n    \n\n<section  class=\"content-block overflow-hidden padding-small\">\n    <div class=\"container-fluid\">\n        <div class=\"row flex-row-reverse\">\n                        <div class=\"col-12 mb-5\">\n                <h2 class=\"h1 text-white revamping-big-text\"><p>MODERNISIERUNG<\/p>\n<\/h2>\n            <\/div>\n                        <div class=\"col-lg-6\">\n                <div class=\"text-white\">\n                    <p>Die Normen, die die industrielle Produktion regeln, werden aktualisiert und \u00e4ltere Beschichtungsanlagen sind nicht mehr in der Lage, die geforderten Umweltstandards zu erf\u00fcllen. Die Integration von Technologien und L\u00f6sungen f\u00fcr Nachhaltigkeit betrifft <a href=\"https:\/\/eurotherm.eu\/de\/anlagenubersicht\/\">Filtersysteme, R\u00fcckgewinnung (von Sand, Staub und Overspray), W\u00e4rme- und Schalld\u00e4mmung.<\/a> <\/p>\n                <\/div>\n                                <div class=\"respimg-cont bordered-img mt-4\">\n                    <img decoding=\"async\" src=\"https:\/\/eurotherm.eu\/wp-content\/uploads\/2025\/05\/ammomdernamento-eurotherm.png\" alt=\"ammomdernamento-eurotherm\" srcset=\"\" title=\"Eurotherm\">\n                <\/div>\n                            <\/div>\n            <div class=\"col-lg-6 mt-4\">\n                <ul class=\"row list-unstyled\">\n                                            <li style=\"color: #fff\" class=\"col-lg-6 mb-3\">\n                            <div class=\"card p-4 border-white bg-transparent\">\n                                <span class=\"text-primary bahnschrift\">01<\/span>\n                                <span class=\"text-white\"><p>Kontrolle von Ausrichtungen und strukturellen Toleranzen.<\/p>\n<\/span>\n                            <\/div>\n                        <\/li>\n                                                <li style=\"color: #fff\" class=\"col-lg-6 mb-3\">\n                            <div class=\"card p-4 border-white bg-transparent\">\n                                <span class=\"text-primary bahnschrift\">02<\/span>\n                                <span class=\"text-white\"><p>\u00dcberpr\u00fcfung der Schrauben.<\/p>\n<\/span>\n                            <\/div>\n                        <\/li>\n                                                <li style=\"color: #fff\" class=\"col-lg-6 mb-3\">\n                            <div class=\"card p-4 border-white bg-transparent\">\n                                <span class=\"text-primary bahnschrift\">03<\/span>\n                                <span class=\"text-white\"><p>Inspektion und Austausch von Verschlei\u00dfteilen.<\/p>\n<\/span>\n                            <\/div>\n                        <\/li>\n                                                <li style=\"color: #fff\" class=\"col-lg-6 mb-3\">\n                            <div class=\"card p-4 border-white bg-transparent\">\n                                <span class=\"text-primary bahnschrift\">04<\/span>\n                                <span class=\"text-white\"><p>\u00dcberpr\u00fcfung der korrekten Funktion der Sicherheitsvorrichtungen.<\/p>\n<\/span>\n                            <\/div>\n                        <\/li>\n                                        <\/ul>\n            <\/div>\n\n        <\/div>\n    <\/div>\n<\/section>\n\n\n<section  class=\"content-block overflow-hidden padding-small\">\n    <div class=\"container-fluid\">\n        <div class=\"row flex-row-reverse\">\n                        <div class=\"col-12 mb-5\">\n                <h2 class=\"h1 text-white revamping-big-text\"><p>KONVERTIERUNG<\/p>\n<\/h2>\n            <\/div>\n                        <div class=\"col-lg-6\">\n                <div class=\"text-white\">\n                    <p>Bei Gro\u00dfanlagen, bei denen ein kompletter Linienaustausch bauliche Ma\u00dfnahmen vor Ort erfordern w\u00fcrde, die zu l\u00e4ngeren Produktionsausf\u00e4llen und zus\u00e4tzlichen Kosten f\u00fcr Bauma\u00dfnahmen und Entsorgung der Altanlage f\u00fchren w\u00fcrden, empfiehlt sich eine <strong>Nutzungs\u00e4nderung der bestehenden Anlagen.<\/strong><\/p>\n                <\/div>\n                                <div class=\"respimg-cont bordered-img mt-4\">\n                    <img decoding=\"async\" src=\"https:\/\/eurotherm.eu\/wp-content\/uploads\/2025\/05\/conversione-eurotherm.png\" alt=\"conversione-eurotherm\" srcset=\"\" title=\"Eurotherm\">\n                <\/div>\n                            <\/div>\n            <div class=\"col-lg-6 mt-4\">\n                <ul class=\"row list-unstyled\">\n                                            <li style=\"color: #fff\" class=\"col-lg-6 mb-3\">\n                            <div class=\"card p-4 border-white bg-transparent\">\n                                <span class=\"text-primary bahnschrift\">01<\/span>\n                                <span class=\"text-white\"><p>Wiederverwendung vpm nicht-veralteten Technologien.<\/p>\n<\/span>\n                            <\/div>\n                        <\/li>\n                                                <li style=\"color: #fff\" class=\"col-lg-6 mb-3\">\n                            <div class=\"card p-4 border-white bg-transparent\">\n                                <span class=\"text-primary bahnschrift\">02<\/span>\n                                <span class=\"text-white\"><p>Maximierung der Investitionsrendite.<\/p>\n<\/span>\n                            <\/div>\n                        <\/li>\n                                                <li style=\"color: #fff\" class=\"col-lg-6 mb-3\">\n                            <div class=\"card p-4 border-white bg-transparent\">\n                                <span class=\"text-primary bahnschrift\">03<\/span>\n                                <span class=\"text-white\"><p>Vermeidung von baulichen Eingriffen und Bauarbeiten.<\/p>\n<\/span>\n                            <\/div>\n                        <\/li>\n                                                <li style=\"color: #fff\" class=\"col-lg-6 mb-3\">\n                            <div class=\"card p-4 border-white bg-transparent\">\n                                <span class=\"text-primary bahnschrift\">04<\/span>\n                                <span class=\"text-white\"><p>Begrenzung der Produktionsunterbrechungen.<\/p>\n<\/span>\n                            <\/div>\n                        <\/li>\n                                        <\/ul>\n            <\/div>\n\n        <\/div>\n    <\/div>\n<\/section>\n\n\n<section  class=\"content-block overflow-hidden padding-small\">\n    <div class=\"container-fluid\">\n        <div class=\"row flex-row-reverse\">\n                        <div class=\"col-12 mb-5\">\n                <h2 class=\"h1 text-white revamping-big-text\"><p>WIEDERHERSTELLUNG<\/p>\n<\/h2>\n            <\/div>\n                        <div class=\"col-lg-6\">\n                <div class=\"text-white\">\n                    <p>Die Normen, die die industrielle Produktion regeln, werden aktualisiert und \u00e4ltere Beschichtungsanlagen sind nicht mehr in der Lage, die <a href=\"https:\/\/www.promosricerche.org\/news\/news-normativa-tecnica\/sicurezza-delle-cabine-di-verniciatura-pubblicata-la-uni-en-16985\/?utm_source=chatgpt.com\" target=\"_blank\" rel=\"noopener\">geforderten Umweltstandards<\/a> zu erf\u00fcllen. Die Integration von Technologien und L\u00f6sungen f\u00fcr Nachhaltigkeit betrifft Filtersysteme, R\u00fcckgewinnung (von Sand, Staub und Overspray), W\u00e4rme- und Schalld\u00e4mmung.<\/p>\n                <\/div>\n                                <div class=\"respimg-cont bordered-img mt-4\">\n                    <img decoding=\"async\" src=\"https:\/\/eurotherm.eu\/wp-content\/uploads\/2025\/05\/ripristino-eurotherm.png\" alt=\"ripristino-eurotherm\" srcset=\"\" title=\"Eurotherm\">\n                <\/div>\n                            <\/div>\n            <div class=\"col-lg-6 mt-4\">\n                <ul class=\"row list-unstyled\">\n                                            <li style=\"color: #fff\" class=\"col-lg-6 mb-3\">\n                            <div class=\"card p-4 border-white bg-transparent\">\n                                <span class=\"text-primary bahnschrift\">01<\/span>\n                                <span class=\"text-white\"><p>Die Qualit\u00e4t der eigenen Produktion bewahren.<\/p>\n<\/span>\n                            <\/div>\n                        <\/li>\n                                                <li style=\"color: #fff\" class=\"col-lg-6 mb-3\">\n                            <div class=\"card p-4 border-white bg-transparent\">\n                                <span class=\"text-primary bahnschrift\">02<\/span>\n                                <span class=\"text-white\"><p>Sicherstellung der Zuverl\u00e4ssigkeit und Leistung der Instrumente.<\/p>\n<\/span>\n                            <\/div>\n                        <\/li>\n                                                <li style=\"color: #fff\" class=\"col-lg-6 mb-3\">\n                            <div class=\"card p-4 border-white bg-transparent\">\n                                <span class=\"text-primary bahnschrift\">03<\/span>\n                                <span class=\"text-white\"><p>Vermeidung eines kompletten Austauschs der Kabine.<\/p>\n<\/span>\n                            <\/div>\n                        <\/li>\n                                                <li style=\"color: #fff\" class=\"col-lg-6 mb-3\">\n                            <div class=\"card p-4 border-white bg-transparent\">\n                                <span class=\"text-primary bahnschrift\">04<\/span>\n                                <span class=\"text-white\"><p>Zeit und Geld sparen.<\/p>\n<\/span>\n                            <\/div>\n                        <\/li>\n                                        <\/ul>\n            <\/div>\n\n        <\/div>\n    <\/div>\n<\/section>\n\n\n\n  \n<\/section>\n<script>\ndocument.addEventListener(\"DOMContentLoaded\", function () {\n  const imageComparisonSlider = document.querySelector('[data-component=\"image-comparison-slider\"]');\n\n  if (!imageComparisonSlider) return;\n\n  function setSliderstate(e, element) {\n    const sliderRange = element.querySelector('[data-image-comparison-range]');\n    if (!sliderRange) return;\n\n    if (e.type === 'input') {\n      sliderRange.classList.add('image-comparison__range--active');\n      return;\n    }\n\n    sliderRange.classList.remove('image-comparison__range--active');\n    element.removeEventListener('mousemove', moveSliderThumb);\n  }\n\n  function moveSliderThumb(e) {\n    const sliderRange = document.querySelector('[data-image-comparison-range]');\n    const thumb = document.querySelector('[data-image-comparison-thumb]');\n    if (!sliderRange || !thumb) return;\n\n    let position = e.layerY - 20;\n\n    if (e.layerY <= sliderRange.offsetTop) {\n      position = -20;\n    }\n\n    if (e.layerY >= sliderRange.offsetHeight) {\n      position = sliderRange.offsetHeight - 20;\n    }\n\n    thumb.style.top = `${position}px`;\n  }\n\n  function moveSliderRange(e, element) {\n    const value = e.target.value;\n    const slider = element.querySelector('[data-image-comparison-slider]');\n    const imageWrapperOverlay = element.querySelector('[data-image-comparison-overlay]');\n\n    if (!slider || !imageWrapperOverlay) return;\n\n    slider.style.left = `${value}%`;\n    imageWrapperOverlay.style.width = `${value}%`;\n\n    element.addEventListener('mousemove', moveSliderThumb);\n    setSliderstate(e, element);\n  }\n\n  function init(element) {\n    const sliderRange = element.querySelector('[data-image-comparison-range]');\n    if (!sliderRange) return;\n\n    if (!('ontouchstart' in window)) {\n      sliderRange.addEventListener('mouseup', e => setSliderstate(e, element));\n      sliderRange.addEventListener('mousedown', moveSliderThumb);\n    }\n\n    sliderRange.addEventListener('input', e => moveSliderRange(e, element));\n    sliderRange.addEventListener('change', e => moveSliderRange(e, element));\n  }\n\n  init(imageComparisonSlider);\n});\n<\/script>\n\n\n<section class=\"image-comparison overflow-hidden\" data-component=\"image-comparison-slider\">\n  <div class=\"image-comparison__slider-wrapper\">\n        <div class=\"image-point\" style=\"top:25%;right:35%;\">\n        <div class=\"image-point-int\">\n            <span class=\"text-primary bahnschrift\">01<\/span>\n            <div class=\"\">Energieeinsparung<\/div>\n        <\/div>\n    <\/div>\n        <div class=\"image-point\" style=\"top:10%;right:30%;\">\n        <div class=\"image-point-int\">\n            <span class=\"text-primary bahnschrift\">02<\/span>\n            <div class=\"\">Vereinfachte Wartung<\/div>\n        <\/div>\n    <\/div>\n        <label for=\"image-comparison-range\" class=\"image-comparison__label\">Move image comparison slider<\/label>\n    <input type=\"range\" min=\"0\" max=\"100\" value=\"50\" class=\"image-comparison__range\" id=\"image-comparison-range\" data-image-comparison-range>\n\n    <!-- Before Image (Overlay) -->\n    <div class=\"image-comparison__image-wrapper image-comparison__image-wrapper--overlay\" data-image-comparison-overlay>\n      <figure class=\"image-comparison__figure image-comparison__figure--overlay\">\n        <img decoding=\"async\" src=\"https:\/\/eurotherm.eu\/wp-content\/uploads\/2025\/05\/04_Before-2-scaled.jpg\" alt=\"Impianti di verniciatura pre revamping Eurotherm\" class=\"image-comparison__image\" title=\"Eurotherm\">\n      <\/figure>\n    <\/div>\n\n    <!-- Slider thumb -->\n    <div class=\"image-comparison__slider\" data-image-comparison-slider>\n      <span class=\"image-comparison__thumb\" data-image-comparison-thumb>\n        <svg class=\"image-comparison__thumb-icon\" xmlns=\"http:\/\/www.w3.org\/2000\/svg\" width=\"18\" height=\"10\" viewBox=\"0 0 18 10\" fill=\"currentColor\">\n          <path class=\"image-comparison__thumb-icon--left\" d=\"M12.121 4.703V.488c0-.302.384-.454.609-.24l4.42 4.214a.33.33 0 0 1 0 .481l-4.42 4.214c-.225.215-.609.063-.609-.24V4.703z\"><\/path>\n          <path class=\"image-comparison__thumb-icon--right\" d=\"M5.879 4.703V.488c0-.302-.384-.454-.609-.24L.85 4.462a.33.33 0 0 0 0 .481l4.42 4.214c.225.215.609.063.609-.24V4.703z\"><\/path>\n        <\/svg>\n      <\/span>\n    <\/div>\n\n    <!-- After Image -->\n    <div class=\"image-comparison__image-wrapper image-after\">\n      <figure class=\"image-comparison__figure d-flex flex-1\">\n        <img decoding=\"async\" src=\"https:\/\/eurotherm.eu\/wp-content\/uploads\/2025\/05\/05_After2-scaled.jpg\" alt=\"Impianti di verniciatura post revamping Eurotherm\" class=\"image-comparison__image\" title=\"Eurotherm\">\n      <\/figure>\n    <\/div>\n    <!-- Etichette fuori dal contenuto immagine -->\n    <div class=\"image-comparison__caption image-comparison__caption--before\">\n        <span class=\"image-comparison__caption-body\">Vor<\/span>\n    <\/div>\n    <div class=\"image-comparison__caption image-comparison__caption--after\">\n        <span class=\"image-comparison__caption-body\">Nach<\/span>\n    <\/div>\n  <\/div>\n<\/section>\n<script>\n    document.addEventListener('DOMContentLoaded', function () {\n        new Swiper('.case-history-swiper', {\n            slidesPerView: 1,\n            spaceBetween: 30,\n            navigation: {\n                nextEl: '.rounded-next',\n                prevEl: '.rounded-prev',\n            }\n        });\n    });\n<\/script>\n\n\n<section  class=\"content-block overflow-hidden margin-big\">\n        <div class=\"container-fluid\">\n        <div class=\"row mt-4\">\n            <div class=\"col-lg-3\">\n                <h2 class=\"bordered-title text-primary h4\"><span style=\"color: #f22821;\">Eurotherm Fallstudien<\/span>\n<\/h2>\n            <\/div>\n        <\/div>\n    <\/div>\n    \n        <div class=\"container-fluid\">\n        <div class=\"swiper case-history-swiper\">\n            <div class=\"swiper-wrapper\">\n                <div class=\"swiper-slide\">\n<div class=\"row mt-5\">\n    <div class=\"col-lg-6 offset-lg-1 d-flex flex-column order-2 order-lg-1\">\n        <div class=\"case-big-card\">\n            <div class=\"case-big-cardheader\">\n                <h3 class=\"d-flex flex-column\">\n                    <span>Modernisierung von Waschkabinen f\u00fcr den Eisenbahnsektor<\/span>\n                <\/h3>\n                <p><\/p>\n                <hr>\n            <\/div>\n            <div class=\"case-big-cardcont\">\n                <p class=\"date text-gray body-sm\">Mai 30, 2023 &#8211; 2:19 p.m.<\/p>\n                                    <p class=\"card-category text-primary\">\n                        <span class=\"dot\"><\/span>\n                        Umgestaltung                    <\/p>\n                                <a href=\"https:\/\/eurotherm.eu\/de\/modernisierung-einer-waschkabine-fuer-die-eisenbahnindustrie\/\" class=\"read-more btn btn-outline-secondary btn-min-width\">\n                    <span class=\"text-secondary\">Mehr lesen<\/span>\n                <\/a>\n            <\/div>\n        <\/div>\n    <\/div>\n    <div class=\"col-lg-4 offset-lg-1 d-flex flex-column order-1 order-lg-2 mb-4 mb-lg-0\">\n        <div class=\"card-image bordered-img\">\n                            <picture>\n                    <!-- Mobile thumbnail (es. immagine piccola personalizzata) -->\n                    <source media=\"(max-width: 767px)\" srcset=\"https:\/\/eurotherm.eu\/wp-content\/uploads\/2024\/06\/washing_boots_railway_sector-1600x1200-1-1-705x528.jpg\">\n                    \n                    <!-- Desktop (o default) -->\n                    <img decoding=\"async\" class=\"respimg\" src=\"https:\/\/eurotherm.eu\/wp-content\/uploads\/2024\/06\/washing_boots_railway_sector-1600x1200-1-1-705x528.jpg\" alt=\"Modernisierung von Waschkabinen f\u00fcr den Eisenbahnsektor\" title=\"Eurotherm\">\n                <\/picture>\n                    <\/div>\n    <\/div>\n\n<\/div>\n\n<\/div>            <\/div>\n\n            <div class=\"general-swiper-nav d-flex justify-content-end justify-content-lg-start order-1 order-lg-2\">\n                <div class=\"btn btn-rounded btn-outline-primary rounded-prev outline me-3\">&lt;<\/div>\n                <div class=\"btn btn-rounded btn-outline-primary rounded-next outline\">&gt;<\/div>\n            <\/div>\n        <\/div>\n    <\/div>\n    <\/section>\n","protected":false},"excerpt":{"rendered":"","protected":false},"author":1,"featured_media":0,"parent":0,"menu_order":0,"comment_status":"closed","ping_status":"closed","template":"page-nopadding.php","meta":{"_acf_changed":false,"footnotes":""},"class_list":["post-50830","page","type-page","status-publish","hentry"],"acf":[],"_links":{"self":[{"href":"https:\/\/eurotherm.eu\/de\/wp-json\/wp\/v2\/pages\/50830","targetHints":{"allow":["GET"]}}],"collection":[{"href":"https:\/\/eurotherm.eu\/de\/wp-json\/wp\/v2\/pages"}],"about":[{"href":"https:\/\/eurotherm.eu\/de\/wp-json\/wp\/v2\/types\/page"}],"author":[{"embeddable":true,"href":"https:\/\/eurotherm.eu\/de\/wp-json\/wp\/v2\/users\/1"}],"replies":[{"embeddable":true,"href":"https:\/\/eurotherm.eu\/de\/wp-json\/wp\/v2\/comments?post=50830"}],"version-history":[{"count":7,"href":"https:\/\/eurotherm.eu\/de\/wp-json\/wp\/v2\/pages\/50830\/revisions"}],"predecessor-version":[{"id":53312,"href":"https:\/\/eurotherm.eu\/de\/wp-json\/wp\/v2\/pages\/50830\/revisions\/53312"}],"wp:attachment":[{"href":"https:\/\/eurotherm.eu\/de\/wp-json\/wp\/v2\/media?parent=50830"}],"curies":[{"name":"wp","href":"https:\/\/api.w.org\/{rel}","templated":true}]}}