{"id":50804,"date":"2025-03-24T16:29:31","date_gmt":"2025-03-24T15:29:31","guid":{"rendered":"https:\/\/eurotherm.eu\/produktuebersicht\/"},"modified":"2025-06-26T14:26:07","modified_gmt":"2025-06-26T12:26:07","slug":"produktuebersicht","status":"publish","type":"page","link":"https:\/\/eurotherm.eu\/de\/produktuebersicht\/","title":{"rendered":"Produkt\u00fcbersicht"},"content":{"rendered":"<section  class=\"eth-half-canvas\">\n    <div class=\"eth-normal-canvinner\">\n        <div class=\"respimg-cont eth-normal-canvimg\">\n            <img\n                src=\"https:\/\/eurotherm.eu\/wp-content\/uploads\/2025\/04\/Eurotherm-overview-prodotti-scaled.jpg\"\n                alt=\"Produkt\u00fcbersicht\"\n                class=\"nolazy\"\n                decoding=\"sync\" \n                srcset=\"\n                    https:\/\/eurotherm.eu\/wp-content\/uploads\/2025\/04\/Eurotherm-overview-prodotti-scaled.jpg 2000w,\n                    https:\/\/eurotherm.eu\/wp-content\/uploads\/2025\/04\/Eurotherm-overview-prodotti-1500x399.jpg 1500w,\n                    https:\/\/eurotherm.eu\/wp-content\/uploads\/2025\/04\/Eurotherm-overview-prodotti-scaled.jpg 1200w,\n                    https:\/\/eurotherm.eu\/wp-content\/uploads\/2025\/04\/Eurotherm-overview-prodotti-scaled.jpg 800w,\n                    https:\/\/eurotherm.eu\/wp-content\/uploads\/2025\/04\/Eurotherm-overview-prodotti-414x277.jpg 400w\"\n                sizes=\"100vw\"\n            \/>\n        <\/div>\n        <div class=\"container-fluid\">\n            <nav class=\"breadcrumbs\"><a href=\"https:\/\/eurotherm.eu\/de\/\">Homepage<\/a> \/ <\/nav>            <div class=\"row align-items-center\">\n                <div class=\"col-lg-5\">\n                    <h1 class=\"text-white main-hp-title\">\n                        Produkt\u00fcbersicht                    <\/h1>\n                <\/div>\n                                <div class=\"col-lg-4 offset-lg-1\">\n                    <div class=\"text-white\">\n                    <p>Die Lackierkabinen und Lackieran\u00f6agen von Eurotherm sind vollst\u00e4ndig auf den jeweiligen Raum zugeschnitten, optimieren die Produktivit\u00e4t und die Energieeinsparung und garantieren gleichzeitig ein hervorragendes Endergebnis.<\/p>\n                    <\/div>\n                    \n                <\/div>\n                            <\/div>\n        <\/div>\n    <\/div>\n<\/section>\n","protected":false},"excerpt":{"rendered":"","protected":false},"author":1,"featured_media":0,"parent":0,"menu_order":0,"comment_status":"closed","ping_status":"closed","template":"prodotti-listing.php","meta":{"_acf_changed":false,"footnotes":""},"class_list":["post-50804","page","type-page","status-publish","hentry"],"acf":[],"_links":{"self":[{"href":"https:\/\/eurotherm.eu\/de\/wp-json\/wp\/v2\/pages\/50804","targetHints":{"allow":["GET"]}}],"collection":[{"href":"https:\/\/eurotherm.eu\/de\/wp-json\/wp\/v2\/pages"}],"about":[{"href":"https:\/\/eurotherm.eu\/de\/wp-json\/wp\/v2\/types\/page"}],"author":[{"embeddable":true,"href":"https:\/\/eurotherm.eu\/de\/wp-json\/wp\/v2\/users\/1"}],"replies":[{"embeddable":true,"href":"https:\/\/eurotherm.eu\/de\/wp-json\/wp\/v2\/comments?post=50804"}],"version-history":[{"count":4,"href":"https:\/\/eurotherm.eu\/de\/wp-json\/wp\/v2\/pages\/50804\/revisions"}],"predecessor-version":[{"id":52562,"href":"https:\/\/eurotherm.eu\/de\/wp-json\/wp\/v2\/pages\/50804\/revisions\/52562"}],"wp:attachment":[{"href":"https:\/\/eurotherm.eu\/de\/wp-json\/wp\/v2\/media?parent=50804"}],"curies":[{"name":"wp","href":"https:\/\/api.w.org\/{rel}","templated":true}]}}