{"id":50750,"date":"2025-05-27T09:32:38","date_gmt":"2025-05-27T07:32:38","guid":{"rendered":"https:\/\/eurotherm.eu\/servicebereich\/"},"modified":"2025-06-27T12:01:17","modified_gmt":"2025-06-27T10:01:17","slug":"servicebereich","status":"publish","type":"page","link":"https:\/\/eurotherm.eu\/de\/servicebereich\/","title":{"rendered":"Servicebereich"},"content":{"rendered":"\n<div class=\"wp-block-contact-form-7-contact-form-selector\">\n<div class=\"wpcf7 no-js\" id=\"wpcf7-f52632-o1\" lang=\"de-DE\" dir=\"ltr\" data-wpcf7-id=\"52632\">\n<div class=\"screen-reader-response\"><p role=\"status\" aria-live=\"polite\" aria-atomic=\"true\"><\/p> <ul><\/ul><\/div>\n<form action=\"\/de\/wp-json\/wp\/v2\/pages\/50750#wpcf7-f52632-o1\" method=\"post\" class=\"wpcf7-form init form-with-animated-labels\" aria-label=\"Kontaktformular\" enctype=\"multipart\/form-data\" novalidate=\"novalidate\" data-status=\"init\">\n<fieldset class=\"hidden-fields-container\"><input type=\"hidden\" name=\"_wpcf7\" value=\"52632\" \/><input type=\"hidden\" name=\"_wpcf7_version\" value=\"6.1.5\" \/><input type=\"hidden\" name=\"_wpcf7_locale\" value=\"de_DE\" \/><input type=\"hidden\" name=\"_wpcf7_unit_tag\" value=\"wpcf7-f52632-o1\" \/><input type=\"hidden\" name=\"_wpcf7_container_post\" value=\"0\" \/><input type=\"hidden\" name=\"_wpcf7_posted_data_hash\" value=\"\" \/><input type=\"hidden\" name=\"_wpcf7_recaptcha_response\" value=\"\" \/>\n<\/fieldset>\n<div class=\"row\"><div class=\"col-lg-6\"><div class=\"form-wrapper mb-3\"><span class=\"wpcf7-form-control-wrap\" data-name=\"yourName\"><input size=\"40\" maxlength=\"400\" class=\"wpcf7-form-control wpcf7-text wpcf7-validates-as-required form-control\" id=\"yourName\" aria-required=\"true\" aria-invalid=\"false\" value=\"\" type=\"text\" name=\"yourName\" \/><\/span><label for=\"yourName\">First Name*<\/label><\/div><\/div><div class=\"col-lg-6\"><div class=\"form-wrapper mb-3\"><span class=\"wpcf7-form-control-wrap\" data-name=\"yourSurname\"><input size=\"40\" maxlength=\"400\" class=\"wpcf7-form-control wpcf7-text wpcf7-validates-as-required form-control\" id=\"yourSurname\" aria-required=\"true\" aria-invalid=\"false\" value=\"\" type=\"text\" name=\"yourSurname\" \/><\/span><label for=\"yourSurname\">Last Name*<\/label><\/div><\/div><div class=\"col-lg-6\"><div class=\"form-wrapper mb-3\"><span class=\"wpcf7-form-control-wrap\" data-name=\"email\"><input size=\"40\" maxlength=\"400\" class=\"wpcf7-form-control wpcf7-email wpcf7-validates-as-required wpcf7-text wpcf7-validates-as-email form-control\" id=\"email\" aria-required=\"true\" aria-invalid=\"false\" value=\"\" type=\"email\" name=\"email\" \/><\/span><label for=\"email\">Email*<\/label><\/div><\/div><div class=\"col-lg-6\"><div class=\"form-wrapper mb-3\"><span class=\"wpcf7-form-control-wrap\" data-name=\"numtel\"><input size=\"40\" maxlength=\"400\" class=\"wpcf7-form-control wpcf7-tel wpcf7-validates-as-required wpcf7-text wpcf7-validates-as-tel form-control\" id=\"numtel\" aria-required=\"true\" aria-invalid=\"false\" value=\"\" type=\"tel\" name=\"numtel\" \/><\/span><label for=\"numtel\">Phone*<\/label><\/div><\/div><div class=\"col-lg-6\"><div class=\"form-wrapper mb-3\"><span class=\"wpcf7-form-control-wrap\" data-name=\"companyName\"><input size=\"40\" maxlength=\"400\" class=\"wpcf7-form-control wpcf7-text form-control\" id=\"companyName\" aria-invalid=\"false\" value=\"\" type=\"text\" name=\"companyName\" \/><\/span><label for=\"companyName\">Company Name<\/label><\/div><\/div><div class=\"col-lg-6\"><div class=\"form-wrapper select-custom mb-3\"><span class=\"wpcf7-form-control-wrap\" data-name=\"country-choice\"><select class=\"wpcf7-form-control wpcf7-select wpcf7-validates-as-required form-select\" id=\"countryChoice\" aria-required=\"true\" aria-invalid=\"false\" name=\"country-choice\"><option value=\"\">&#8211; Bitte ausw\u00e4hlen &#8211;<\/option><option value=\"W\u00e4hlen Sie Ihr Land\">W\u00e4hlen Sie Ihr Land<\/option><option value=\"Afghanistan\">Afghanistan<\/option><option value=\"\u00c4gypten\">\u00c4gypten<\/option><option value=\"Albanien\">Albanien<\/option><option value=\"Algerien\">Algerien<\/option><option value=\"Andorra\">Andorra<\/option><option value=\"Angola\">Angola<\/option><option value=\"Antigua und Barbuda\">Antigua und Barbuda<\/option><option value=\"\u00c4quatorialguinea\">\u00c4quatorialguinea<\/option><option value=\"Argentinien\">Argentinien<\/option><option value=\"Armenien\">Armenien<\/option><option value=\"Aserbaidschan\">Aserbaidschan<\/option><option value=\"\u00c4thiopien\">\u00c4thiopien<\/option><option value=\"Australien\">Australien<\/option><option value=\"\u00d6sterreich\">\u00d6sterreich<\/option><option value=\"Bahamas\">Bahamas<\/option><option value=\"Bahrain\">Bahrain<\/option><option value=\"Bangladesch\">Bangladesch<\/option><option value=\"Barbados\">Barbados<\/option><option value=\"Belarus\">Belarus<\/option><option value=\"Belgien\">Belgien<\/option><option value=\"Belize\">Belize<\/option><option value=\"Benin\">Benin<\/option><option value=\"Bhutan\">Bhutan<\/option><option value=\"Bolivien\">Bolivien<\/option><option value=\"Bosnien und Herzegowina\">Bosnien und Herzegowina<\/option><option value=\"Botswana\">Botswana<\/option><option value=\"Brasilien\">Brasilien<\/option><option value=\"Brunei\">Brunei<\/option><option value=\"Bulgarien\">Bulgarien<\/option><option value=\"Burkina Faso\">Burkina Faso<\/option><option value=\"Burundi\">Burundi<\/option><option value=\"Chile\">Chile<\/option><option value=\"China\">China<\/option><option value=\"Costa Rica\">Costa Rica<\/option><option value=\"D\u00e4nemark\">D\u00e4nemark<\/option><option value=\"Demokratische Republik Kongo\">Demokratische Republik Kongo<\/option><option value=\"Deutschland\">Deutschland<\/option><option value=\"Dominica\">Dominica<\/option><option value=\"Dominikanische Republik\">Dominikanische Republik<\/option><option value=\"Dschibuti\">Dschibuti<\/option><option value=\"Ecuador\">Ecuador<\/option><option value=\"El Salvador\">El Salvador<\/option><option value=\"Elfenbeink\u00fcste\">Elfenbeink\u00fcste<\/option><option value=\"Eritrea\">Eritrea<\/option><option value=\"Estland\">Estland<\/option><option value=\"Eswatini\">Eswatini<\/option><option value=\"Fidschi\">Fidschi<\/option><option value=\"Finnland\">Finnland<\/option><option value=\"Frankreich\">Frankreich<\/option><option value=\"Gabun\">Gabun<\/option><option value=\"Gambia\">Gambia<\/option><option value=\"Georgien\">Georgien<\/option><option value=\"Ghana\">Ghana<\/option><option value=\"Grenada\">Grenada<\/option><option value=\"Griechenland\">Griechenland<\/option><option value=\"Guatemala\">Guatemala<\/option><option value=\"Guinea\">Guinea<\/option><option value=\"Guinea-Bissau\">Guinea-Bissau<\/option><option value=\"Guyana\">Guyana<\/option><option value=\"Haiti\">Haiti<\/option><option value=\"Honduras\">Honduras<\/option><option value=\"Indien\">Indien<\/option><option value=\"Indonesien\">Indonesien<\/option><option value=\"Irak\">Irak<\/option><option value=\"Iran\">Iran<\/option><option value=\"Irland\">Irland<\/option><option value=\"Island\">Island<\/option><option value=\"Israel\">Israel<\/option><option value=\"Italien\">Italien<\/option><option value=\"Jamaika\">Jamaika<\/option><option value=\"Japan\">Japan<\/option><option value=\"Jemen\">Jemen<\/option><option value=\"Jordanien\">Jordanien<\/option><option value=\"Kambodscha\">Kambodscha<\/option><option value=\"Kamerun\">Kamerun<\/option><option value=\"Kanada\">Kanada<\/option><option value=\"Kap Verde\">Kap Verde<\/option><option value=\"Kasachstan\">Kasachstan<\/option><option value=\"Katar\">Katar<\/option><option value=\"Kenia\">Kenia<\/option><option value=\"Kirgisistan\">Kirgisistan<\/option><option value=\"Kiribati\">Kiribati<\/option><option value=\"Kolumbien\">Kolumbien<\/option><option value=\"Komoren\">Komoren<\/option><option value=\"Kongo (Republik Kongo)\">Kongo (Republik Kongo)<\/option><option value=\"Kroatien\">Kroatien<\/option><option value=\"Kuba\">Kuba<\/option><option value=\"Kuwait\">Kuwait<\/option><option value=\"Laos\">Laos<\/option><option value=\"Lesotho\">Lesotho<\/option><option value=\"Lettland\">Lettland<\/option><option value=\"Libanon\">Libanon<\/option><option value=\"Liberia\">Liberia<\/option><option value=\"Libyen\">Libyen<\/option><option value=\"Liechtenstein\">Liechtenstein<\/option><option value=\"Litauen\">Litauen<\/option><option value=\"Luxemburg\">Luxemburg<\/option><option value=\"Madagaskar\">Madagaskar<\/option><option value=\"Malawi\">Malawi<\/option><option value=\"Malaysia\">Malaysia<\/option><option value=\"Malediven\">Malediven<\/option><option value=\"Mali\">Mali<\/option><option value=\"Malta\">Malta<\/option><option value=\"Marokko\">Marokko<\/option><option value=\"Marshallinseln\">Marshallinseln<\/option><option value=\"Mauretanien\">Mauretanien<\/option><option value=\"Mauritius\">Mauritius<\/option><option value=\"Mexiko\">Mexiko<\/option><option value=\"Mikronesien\">Mikronesien<\/option><option value=\"Moldau\">Moldau<\/option><option value=\"Monaco\">Monaco<\/option><option value=\"Mongolei\">Mongolei<\/option><option value=\"Montenegro\">Montenegro<\/option><option value=\"Mosambik\">Mosambik<\/option><option value=\"Myanmar\">Myanmar<\/option><option value=\"Namibia\">Namibia<\/option><option value=\"Nauru\">Nauru<\/option><option value=\"Nepal\">Nepal<\/option><option value=\"Neuseeland\">Neuseeland<\/option><option value=\"Nicaragua\">Nicaragua<\/option><option value=\"Niederlande\">Niederlande<\/option><option value=\"Niger\">Niger<\/option><option value=\"Nigeria\">Nigeria<\/option><option value=\"Nordkorea\">Nordkorea<\/option><option value=\"Nordmazedonien\">Nordmazedonien<\/option><option value=\"Norwegen\">Norwegen<\/option><option value=\"Oman\">Oman<\/option><option value=\"Osttimor\">Osttimor<\/option><option value=\"Pakistan\">Pakistan<\/option><option value=\"Palau\">Palau<\/option><option value=\"Panama\">Panama<\/option><option value=\"Papua-Neuguinea\">Papua-Neuguinea<\/option><option value=\"Paraguay\">Paraguay<\/option><option value=\"Peru\">Peru<\/option><option value=\"Philippinen\">Philippinen<\/option><option value=\"Polen\">Polen<\/option><option value=\"Portugal\">Portugal<\/option><option value=\"Rum\u00e4nien\">Rum\u00e4nien<\/option><option value=\"Ruanda\">Ruanda<\/option><option value=\"Russland\">Russland<\/option><option value=\"Salomonen\">Salomonen<\/option><option value=\"Sambia\">Sambia<\/option><option value=\"Samoa\">Samoa<\/option><option value=\"San Marino\">San Marino<\/option><option value=\"S\u00e3o Tom\u00e9 und Pr\u00edncipe\">S\u00e3o Tom\u00e9 und Pr\u00edncipe<\/option><option value=\"Saudi-Arabien\">Saudi-Arabien<\/option><option value=\"Schweden\">Schweden<\/option><option value=\"Schweiz\">Schweiz<\/option><option value=\"Senegal\">Senegal<\/option><option value=\"Serbien\">Serbien<\/option><option value=\"Seychellen\">Seychellen<\/option><option value=\"Sierra Leone\">Sierra Leone<\/option><option value=\"Simbabwe\">Simbabwe<\/option><option value=\"Singapur\">Singapur<\/option><option value=\"Slowakei\">Slowakei<\/option><option value=\"Slowenien\">Slowenien<\/option><option value=\"Somalia\">Somalia<\/option><option value=\"Spanien\">Spanien<\/option><option value=\"Sri Lanka\">Sri Lanka<\/option><option value=\"St. Kitts und Nevis\">St. Kitts und Nevis<\/option><option value=\"St. Lucia\">St. Lucia<\/option><option value=\"St. Vincent und die Grenadinen\">St. Vincent und die Grenadinen<\/option><option value=\"S\u00fcdafrika\">S\u00fcdafrika<\/option><option value=\"S\u00fcdkorea\">S\u00fcdkorea<\/option><option value=\"S\u00fcdsudan\">S\u00fcdsudan<\/option><option value=\"Sudan\">Sudan<\/option><option value=\"Suriname\">Suriname<\/option><option value=\"Syrien\">Syrien<\/option><option value=\"Tadschikistan\">Tadschikistan<\/option><option value=\"Taiwan\">Taiwan<\/option><option value=\"Tansania\">Tansania<\/option><option value=\"Thailand\">Thailand<\/option><option value=\"Togo\">Togo<\/option><option value=\"Tonga\">Tonga<\/option><option value=\"Trinidad und Tobago\">Trinidad und Tobago<\/option><option value=\"Tschad\">Tschad<\/option><option value=\"Tschechien\">Tschechien<\/option><option value=\"Tunesien\">Tunesien<\/option><option value=\"T\u00fcrkei\">T\u00fcrkei<\/option><option value=\"Turkmenistan\">Turkmenistan<\/option><option value=\"Tuvalu\">Tuvalu<\/option><option value=\"Uganda\">Uganda<\/option><option value=\"Ukraine\">Ukraine<\/option><option value=\"Ungarn\">Ungarn<\/option><option value=\"Uruguay\">Uruguay<\/option><option value=\"Usbekistan\">Usbekistan<\/option><option value=\"Vanuatu\">Vanuatu<\/option><option value=\"Vatikanstadt\">Vatikanstadt<\/option><option value=\"Venezuela\">Venezuela<\/option><option value=\"Vereinigte Arabische Emirate\">Vereinigte Arabische Emirate<\/option><option value=\"Vereinigtes K\u00f6nigreich\">Vereinigtes K\u00f6nigreich<\/option><option value=\"Vereinigte Staaten\">Vereinigte Staaten<\/option><option value=\"Vietnam\">Vietnam<\/option><option value=\"Zentralafrikanische Republik\">Zentralafrikanische Republik<\/option><option value=\"Zypern\">Zypern<\/option><\/select><\/span>\n<label for=\"countryChoice\">Country*<\/label><\/div><\/div><div class=\"col-lg-12\"><div class=\"form-wrapper mb-3\"><span class=\"wpcf7-form-control-wrap\" data-name=\"nummatricola\"><input size=\"40\" maxlength=\"400\" class=\"wpcf7-form-control wpcf7-text form-control\" id=\"serialNumber\" aria-invalid=\"false\" value=\"\" type=\"text\" name=\"nummatricola\" \/><\/span><label for=\"serialNumber\">Serial Number<\/label><\/div><\/div><div class=\"col-lg-12\"><div class=\"form-wrapper-title mb-3\"><h6>Select request<\/h6><\/div><div class=\"form-wrapper mb-3\"><span class=\"wpcf7-form-control-wrap\" data-name=\"radio-sel-richiesta\"><span class=\"wpcf7-form-control wpcf7-radio\"><span class=\"wpcf7-list-item first\"><label><input type=\"radio\" name=\"radio-sel-richiesta\" value=\"System failure\" \/><span class=\"wpcf7-list-item-label\">System failure<\/span><\/label><\/span><span class=\"wpcf7-list-item\"><label><input type=\"radio\" name=\"radio-sel-richiesta\" value=\"Spare parts request\" \/><span class=\"wpcf7-list-item-label\">Spare parts request<\/span><\/label><\/span><span class=\"wpcf7-list-item\"><label><input type=\"radio\" name=\"radio-sel-richiesta\" value=\"Usage information\" \/><span class=\"wpcf7-list-item-label\">Usage information<\/span><\/label><\/span><span class=\"wpcf7-list-item last\"><label><input type=\"radio\" name=\"radio-sel-richiesta\" value=\"Other\" \/><span class=\"wpcf7-list-item-label\">Other<\/span><\/label><\/span><\/span><\/span><\/div><\/div><div class=\"col-12\"><div class=\"custom-file-upload\"><label class=\"static-labels\" for=\"file-upload\"><div class=\"upload-box\"><svg xmlns=\"http:\/\/www.w3.org\/2000\/svg\" width=\"24\" height=\"24\"><path d=\"M12 16V4m0 0l-4 4m4-4l4 4M4 20h16\"\/><\/svg><p>Click or drag and drop to upload your file<\/p><p class=\"desc\">PNG, JPG, PDF, GIF, SVG (max 5MB)<\/p><\/div><\/label><span class=\"wpcf7-form-control-wrap\" data-name=\"file-upload\"><input size=\"40\" class=\"wpcf7-form-control wpcf7-file\" id=\"file-upload\" accept=\".png,.jpg,.jpeg,.pdf,.gif,.svg\" aria-invalid=\"false\" type=\"file\" name=\"file-upload\" \/><\/span><\/div><\/div><div class=\"col-12\"><div class=\"form-wrapper form-textarea-wrapper mt-3 mb-3\"><span class=\"wpcf7-form-control-wrap\" data-name=\"messaggio\"><textarea cols=\"40\" rows=\"1\" maxlength=\"2000\" class=\"wpcf7-form-control wpcf7-textarea wpcf7-validates-as-required form-control\" id=\"messaggio\" aria-required=\"true\" aria-invalid=\"false\" name=\"messaggio\"><\/textarea><\/span><label for=\"messaggio\">Message*<\/label><\/div><\/div><\/div><div class=\"form-footer d-flex justify-content-between\"><div class=\"eth-final-disclaimer d-flex mb-3\"><div class=\"eth-disc-accept me-2\"><span class=\"wpcf7-form-control-wrap\" data-name=\"privacy-acceptance\"><span class=\"wpcf7-form-control wpcf7-acceptance\"><span class=\"wpcf7-list-item\"><input type=\"checkbox\" name=\"privacy-acceptance\" value=\"1\" id=\"privacyAccept\" aria-invalid=\"false\" \/><\/span><\/span><\/span><\/div><span id=\"emailHelp\" class=\"form-text\">I have read and accept the <a href=\"https:\/\/www.iubenda.com\/privacy-policy\/21687489\" target=\"_blank\" rel=\"noopener\">Privacy Policy<\/a><span class=\"text-primary\">*<\/span><\/span><\/div>    <div class=\"eth-final-disclaimer d-flex mb-3\">\n        <div class=\"eth-disc-accept me-2\">\n        <span class=\"wpcf7-form-control-wrap\" data-name=\"newsletter-acceptance\"><span class=\"wpcf7-form-control wpcf7-acceptance optional\"><span class=\"wpcf7-list-item\"><input type=\"checkbox\" name=\"newsletter-acceptance\" value=\"1\" id=\"newsletterAccept\" aria-invalid=\"false\" \/><\/span><\/span><\/span>\n        <\/div>\n        <span id=\"emailHelp\" class=\"form-text\">\n        Melden Sie mich f\u00fcr den Newsletter an.\n        <\/span>\n        <\/span>\n    <\/div><div class=\"form-group eth-submit\"><input class=\"wpcf7-form-control wpcf7-submit has-spinner btn btn-outline-secondary\" type=\"submit\" value=\"Send\" \/><\/div><\/div>\n\n<input class=\"wpcf7-form-control wpcf7-hidden\" value=\"\" type=\"hidden\" name=\"utm_source\" \/>\n<input class=\"wpcf7-form-control wpcf7-hidden\" value=\"\" type=\"hidden\" name=\"utm_medium\" \/>\n<input class=\"wpcf7-form-control wpcf7-hidden\" value=\"\" type=\"hidden\" name=\"utm_campaign\" \/>\n<input class=\"wpcf7-form-control wpcf7-hidden\" value=\"\" type=\"hidden\" name=\"utm_term\" \/>\n<input class=\"wpcf7-form-control wpcf7-hidden\" value=\"\" type=\"hidden\" name=\"utm_content\" \/>\n<input class=\"wpcf7-form-control wpcf7-hidden\" value=\"\" type=\"hidden\" name=\"gclid\" \/><div class=\"wpcf7-response-output\" aria-hidden=\"true\"><\/div>\n<\/form>\n<\/div>\n<\/div>\n","protected":false},"excerpt":{"rendered":"","protected":false},"author":1,"featured_media":0,"parent":0,"menu_order":0,"comment_status":"closed","ping_status":"closed","template":"assistenza.php","meta":{"_acf_changed":false,"footnotes":""},"class_list":["post-50750","page","type-page","status-publish","hentry"],"acf":[],"_links":{"self":[{"href":"https:\/\/eurotherm.eu\/de\/wp-json\/wp\/v2\/pages\/50750","targetHints":{"allow":["GET"]}}],"collection":[{"href":"https:\/\/eurotherm.eu\/de\/wp-json\/wp\/v2\/pages"}],"about":[{"href":"https:\/\/eurotherm.eu\/de\/wp-json\/wp\/v2\/types\/page"}],"author":[{"embeddable":true,"href":"https:\/\/eurotherm.eu\/de\/wp-json\/wp\/v2\/users\/1"}],"replies":[{"embeddable":true,"href":"https:\/\/eurotherm.eu\/de\/wp-json\/wp\/v2\/comments?post=50750"}],"version-history":[{"count":4,"href":"https:\/\/eurotherm.eu\/de\/wp-json\/wp\/v2\/pages\/50750\/revisions"}],"predecessor-version":[{"id":52634,"href":"https:\/\/eurotherm.eu\/de\/wp-json\/wp\/v2\/pages\/50750\/revisions\/52634"}],"wp:attachment":[{"href":"https:\/\/eurotherm.eu\/de\/wp-json\/wp\/v2\/media?parent=50750"}],"curies":[{"name":"wp","href":"https:\/\/api.w.org\/{rel}","templated":true}]}}